{"id":32,"date":"2023-11-14T18:25:45","date_gmt":"2023-11-14T18:25:45","guid":{"rendered":"http:\/\/lawofficeofedwardhanratty.com\/?page_id=32"},"modified":"2025-05-21T14:10:44","modified_gmt":"2025-05-21T14:10:44","slug":"disclaimer","status":"publish","type":"page","link":"http:\/\/lawofficeofedwardhanratty.com\/es\/disclaimer\/","title":{"rendered":"Renuncia de Responsabilidad"},"content":{"rendered":"<div data-elementor-type=\"wp-page\" data-elementor-id=\"32\" class=\"elementor elementor-32\" data-elementor-post-type=\"page\">\n\t\t\t\t<div class=\"elementor-element elementor-element-8c393d7 e-flex e-con-boxed e-con e-parent\" data-id=\"8c393d7\" data-element_type=\"container\" data-settings=\"{&quot;background_background&quot;:&quot;classic&quot;}\">\n\t\t\t\t\t<div class=\"e-con-inner\">\n\t\t\t\t<div class=\"elementor-element elementor-element-0eba162 elementor-widget elementor-widget-image\" data-id=\"0eba162\" data-element_type=\"widget\" data-widget_type=\"image.default\">\n\t\t\t\t<div class=\"elementor-widget-container\">\n\t\t\t\t\t\t\t\t\t\t\t\t\t\t\t<img decoding=\"async\" width=\"85\" height=\"5\" src=\"http:\/\/lawofficeofedwardhanratty.com\/wp-content\/uploads\/2023\/11\/divider.png\" class=\"attachment-large size-large wp-image-93\" alt=\"\" \/>\t\t\t\t\t\t\t\t\t\t\t\t\t\t\t<\/div>\n\t\t\t\t<\/div>\n\t\t\t\t<div class=\"elementor-element elementor-element-38ffcb7 elementor-widget elementor-widget-heading\" data-id=\"38ffcb7\" data-element_type=\"widget\" data-widget_type=\"heading.default\">\n\t\t\t\t<div class=\"elementor-widget-container\">\n\t\t\t\t\t<h2 class=\"elementor-heading-title elementor-size-default\">Renuncia de Responsabilidad<\/h2>\t\t\t\t<\/div>\n\t\t\t\t<\/div>\n\t\t\t\t\t<\/div>\n\t\t\t\t<\/div>\n\t\t<div class=\"elementor-element elementor-element-6fc7ab3 e-flex e-con-boxed e-con e-parent\" data-id=\"6fc7ab3\" data-element_type=\"container\">\n\t\t\t\t\t<div class=\"e-con-inner\">\n\t\t\t\t<div class=\"elementor-element elementor-element-8e2be85 elementor-widget elementor-widget-text-editor\" data-id=\"8e2be85\" data-element_type=\"widget\" data-widget_type=\"text-editor.default\">\n\t\t\t\t<div class=\"elementor-widget-container\">\n\t\t\t\t\t<style>.elementor-element-8e2be85{display:none !important}<\/style>\t\t\t\t<\/div>\n\t\t\t\t<\/div>\n\t\t\t\t<div class=\"elementor-element elementor-element-e6da9e9 elementor-widget elementor-widget-text-editor\" data-id=\"e6da9e9\" data-element_type=\"widget\" data-widget_type=\"text-editor.default\">\n\t\t\t\t<div class=\"elementor-widget-container\">\n\t\t\t\t\t\t\t\t\t<p><strong>El contenido de este sitio web se proporciona \u00fanicamente con fines informativos y publicitarios, y no debe interpretarse como asesoramiento legal sobre ning\u00fan tema. <\/strong>Este sitio web contiene informaci\u00f3n general y puede no reflejar desarrollos legales actuales, veredictos o acuerdos. Firma Legal Edward Hanratty renuncia expresamente a toda responsabilidad con respecto a las acciones tomadas o no tomadas en base a cualquiera o todos los contenidos de este sitio web.<\/p><p>Cualquier contenido dentro de este sitio web, testimonios o endosos no constituye una garant\u00eda, garant\u00eda o predicci\u00f3n con respecto al resultado de su asunto legal. Los resultados de los casos son \u00fanicos para cada caso. Nuestros \u00e9xitos pasados no garantizan ni garantizan el resultado de su caso.<\/p><p>Los contenidos de este sitio web est\u00e1n destinados exclusivamente a los residentes del estado de New Jersey. Nuestros abogados solo tienen licencia en el estado de New Jersey. La ley de New Jersey puede cambiar y \/ o se actualiza de a\u00f1o en a\u00f1o, incluidos los estatutos, c\u00f3digos, reglas e incluso casos de apelaci\u00f3n (si se anulan). Esto puede cambiar la aplicaci\u00f3n y la intenci\u00f3n de la ley de manera significativa. No asuma que la ley citada en el momento en que se escribi\u00f3 un art\u00edculo en este sitio sigue siendo la ley.<\/p><p>Todas las representaciones visuales de eventos son dramatizaciones. Este anuncio es pagado por Firma Legal Edward Hanratty que es una abogada con licencia de New Jersey. Este anuncio es solo para clientes de New Jersey. Firma Legal Edward Hanratty acepta solo asuntos de New Jersey. Los servicios legales est\u00e1n limitados a clientes de New Jersey. Este anuncio no constituye asesoramiento legal y no es una garant\u00eda, garant\u00eda o predicci\u00f3n con respecto al resultado de cualquier asunto legal. Cada caso es diferente. Los resultados dependen de la ley \u00fanica, los hechos y las circunstancias de cada caso. La contrataci\u00f3n de un abogado es una decisi\u00f3n importante que no debe basarse \u00fanicamente en la publicidad. Solicite informaci\u00f3n gratuita sobre los antecedentes y la experiencia de su abogado. No se garantiza que la calidad del servicio legal que se realice sea superior a la de otros abogados. No se garantiza que los abogados sean especialistas certificados o expertos en ning\u00fan campo del derecho. No se proporcionar\u00e1n servicios legales a menos que el cliente y el abogado firmen un acuerdo por escrito.<\/p><p>Cualquier informaci\u00f3n enviada a Firma Legal Edward Hanratty por correo electr\u00f3nico a trav\u00e9s de Internet o del sitio web no es segura y se realiza de forma no confidencial. La transmisi\u00f3n de informaci\u00f3n desde este sitio web no crea una relaci\u00f3n abogada-cliente entre usted y la firma, ni tiene la intenci\u00f3n de hacerlo. La transmisi\u00f3n del sitio web, en parte o en su totalidad, y \/ o cualquier comunicaci\u00f3n con nosotros por correo electr\u00f3nico a trav\u00e9s de este sitio no constituye ni crea una relaci\u00f3n abogada-cliente entre nosotros y los destinatarios.<\/p><p>Algunos enlaces dentro del sitio web pueden conducir a otros sitios web, incluidos los operados y mantenidos por terceros. La Firma incluye estos enlaces \u00fanicamente para su conveniencia, y la presencia de dicho enlace no implica una responsabilidad por el sitio vinculado o un respaldo del sitio vinculado, su operador o sus contenidos.<\/p><p>Este sitio web y sus contenidos se proporcionan &#8220;TAL CUAL&#8221; sin garant\u00eda de ning\u00fan tipo, ya sea expresa o impl\u00edcita, incluidas, entre otras, las garant\u00edas impl\u00edcitas de comerciabilidad, idoneidad para un prop\u00f3sito particular o no infracci\u00f3n. Firma Legal Edward Hanratty no desea representar a nadie que desee una representaci\u00f3n basada en ver este sitio web en un estado donde este sitio web no cumple con todas las leyes y normas \u00e9ticas de ese estado.<\/p><p>La reproducci\u00f3n, distribuci\u00f3n, republicaci\u00f3n y \/ o retransmisi\u00f3n de cualquier material contenido en este sitio web est\u00e1 estrictamente prohibida a menos que se haya obtenido un permiso previo por escrito de Firma Legal Edward Hanratty.<\/p>\t\t\t\t\t\t\t\t<\/div>\n\t\t\t\t<\/div>\n\t\t\t\t\t<\/div>\n\t\t\t\t<\/div>\n\t\t\t\t<\/div>","protected":false},"excerpt":{"rendered":"<p>Disclaimer The contents of this website are provided for informational and advertising purposes only, and should not be construed as legal advice on any subject matter. This website contains general information and may not reflect current legal developments, verdicts, or settlements. Law Office of Edward Hanratty expressly disclaims all liability in respect to actions taken [&hellip;]<\/p>","protected":false},"author":1,"featured_media":0,"parent":0,"menu_order":0,"comment_status":"closed","ping_status":"closed","template":"","meta":{"footnotes":""},"class_list":["post-32","page","type-page","status-publish","hentry"],"yoast_head":"<!-- This site is optimized with the Yoast SEO plugin v25.1 - https:\/\/yoast.com\/wordpress\/plugins\/seo\/ -->\n<title>Disclaimer \u2013 Law Office of Edward Hanratty<\/title>\n<meta name=\"robots\" content=\"index, follow, max-snippet:-1, max-image-preview:large, max-video-preview:-1\" \/>\n<link rel=\"canonical\" href=\"https:\/\/lawofficeofedwardhanratty.com\/es\/disclaimer\/\" \/>\n<meta property=\"og:locale\" content=\"es_ES\" \/>\n<meta property=\"og:type\" content=\"article\" \/>\n<meta property=\"og:title\" content=\"Disclaimer \u2013 Law Office of Edward Hanratty\" \/>\n<meta property=\"og:description\" content=\"Disclaimer The contents of this website are provided for informational and advertising purposes only, and should not be construed as legal advice on any subject matter. This website contains general information and may not reflect current legal developments, verdicts, or settlements. Law Office of Edward Hanratty expressly disclaims all liability in respect to actions taken [&hellip;]\" \/>\n<meta property=\"og:url\" content=\"https:\/\/lawofficeofedwardhanratty.com\/es\/disclaimer\/\" \/>\n<meta property=\"og:site_name\" content=\"Law Office of Edward Hanratty\" \/>\n<meta property=\"article:modified_time\" content=\"2025-05-21T14:10:44+00:00\" \/>\n<meta property=\"og:image\" content=\"http:\/\/lawofficeofedwardhanratty.com\/wp-content\/uploads\/2023\/11\/divider.png\" \/>\n<meta name=\"twitter:card\" content=\"summary_large_image\" \/>\n<meta name=\"twitter:label1\" content=\"Tiempo de lectura\" \/>\n\t<meta name=\"twitter:data1\" content=\"6 minutos\" \/>\n<script type=\"application\/ld+json\" class=\"yoast-schema-graph\">{\"@context\":\"https:\/\/schema.org\",\"@graph\":[{\"@type\":\"WebPage\",\"@id\":\"https:\/\/lawofficeofedwardhanratty.com\/disclaimer\/\",\"url\":\"https:\/\/lawofficeofedwardhanratty.com\/disclaimer\/\",\"name\":\"Disclaimer \u2013 Law Office of Edward Hanratty\",\"isPartOf\":{\"@id\":\"https:\/\/lawofficeofedwardhanratty.com\/es\/#website\"},\"primaryImageOfPage\":{\"@id\":\"https:\/\/lawofficeofedwardhanratty.com\/disclaimer\/#primaryimage\"},\"image\":{\"@id\":\"https:\/\/lawofficeofedwardhanratty.com\/disclaimer\/#primaryimage\"},\"thumbnailUrl\":\"http:\/\/lawofficeofedwardhanratty.com\/wp-content\/uploads\/2023\/11\/divider.png\",\"datePublished\":\"2023-11-14T18:25:45+00:00\",\"dateModified\":\"2025-05-21T14:10:44+00:00\",\"breadcrumb\":{\"@id\":\"https:\/\/lawofficeofedwardhanratty.com\/disclaimer\/#breadcrumb\"},\"inLanguage\":\"es\",\"potentialAction\":[{\"@type\":\"ReadAction\",\"target\":[\"https:\/\/lawofficeofedwardhanratty.com\/disclaimer\/\"]}]},{\"@type\":\"ImageObject\",\"inLanguage\":\"es\",\"@id\":\"https:\/\/lawofficeofedwardhanratty.com\/disclaimer\/#primaryimage\",\"url\":\"http:\/\/lawofficeofedwardhanratty.com\/wp-content\/uploads\/2023\/11\/divider.png\",\"contentUrl\":\"http:\/\/lawofficeofedwardhanratty.com\/wp-content\/uploads\/2023\/11\/divider.png\"},{\"@type\":\"BreadcrumbList\",\"@id\":\"https:\/\/lawofficeofedwardhanratty.com\/disclaimer\/#breadcrumb\",\"itemListElement\":[{\"@type\":\"ListItem\",\"position\":1,\"name\":\"Home\",\"item\":\"https:\/\/lawofficeofedwardhanratty.com\/es\/\"},{\"@type\":\"ListItem\",\"position\":2,\"name\":\"Disclaimer\"}]},{\"@type\":\"WebSite\",\"@id\":\"https:\/\/lawofficeofedwardhanratty.com\/es\/#website\",\"url\":\"https:\/\/lawofficeofedwardhanratty.com\/es\/\",\"name\":\"Law Office of Edward Hanratty\",\"description\":\"\",\"publisher\":{\"@id\":\"https:\/\/lawofficeofedwardhanratty.com\/es\/#organization\"},\"potentialAction\":[{\"@type\":\"SearchAction\",\"target\":{\"@type\":\"EntryPoint\",\"urlTemplate\":\"https:\/\/lawofficeofedwardhanratty.com\/es\/?s={search_term_string}\"},\"query-input\":{\"@type\":\"PropertyValueSpecification\",\"valueRequired\":true,\"valueName\":\"search_term_string\"}}],\"inLanguage\":\"es\"},{\"@type\":\"Organization\",\"@id\":\"https:\/\/lawofficeofedwardhanratty.com\/es\/#organization\",\"name\":\"Law Office of Edward Hanratty\",\"url\":\"https:\/\/lawofficeofedwardhanratty.com\/es\/\",\"logo\":{\"@type\":\"ImageObject\",\"inLanguage\":\"es\",\"@id\":\"https:\/\/lawofficeofedwardhanratty.com\/es\/#\/schema\/logo\/image\/\",\"url\":\"http:\/\/lawofficeofedwardhanratty.com\/wp-content\/uploads\/2023\/12\/Withe-Logo.png\",\"contentUrl\":\"http:\/\/lawofficeofedwardhanratty.com\/wp-content\/uploads\/2023\/12\/Withe-Logo.png\",\"width\":922,\"height\":283,\"caption\":\"Law Office of Edward Hanratty\"},\"image\":{\"@id\":\"https:\/\/lawofficeofedwardhanratty.com\/es\/#\/schema\/logo\/image\/\"}}]}<\/script>\n<!-- \/ Yoast SEO plugin. -->","yoast_head_json":{"title":"Disclaimer \u2013 Law Office of Edward Hanratty","robots":{"index":"index","follow":"follow","max-snippet":"max-snippet:-1","max-image-preview":"max-image-preview:large","max-video-preview":"max-video-preview:-1"},"canonical":"https:\/\/lawofficeofedwardhanratty.com\/es\/disclaimer\/","og_locale":"es_ES","og_type":"article","og_title":"Disclaimer \u2013 Law Office of Edward Hanratty","og_description":"Disclaimer The contents of this website are provided for informational and advertising purposes only, and should not be construed as legal advice on any subject matter. This website contains general information and may not reflect current legal developments, verdicts, or settlements. Law Office of Edward Hanratty expressly disclaims all liability in respect to actions taken [&hellip;]","og_url":"https:\/\/lawofficeofedwardhanratty.com\/es\/disclaimer\/","og_site_name":"Law Office of Edward Hanratty","article_modified_time":"2025-05-21T14:10:44+00:00","og_image":[{"url":"http:\/\/lawofficeofedwardhanratty.com\/wp-content\/uploads\/2023\/11\/divider.png","type":"","width":"","height":""}],"twitter_card":"summary_large_image","twitter_misc":{"Tiempo de lectura":"6 minutos"},"schema":{"@context":"https:\/\/schema.org","@graph":[{"@type":"WebPage","@id":"https:\/\/lawofficeofedwardhanratty.com\/disclaimer\/","url":"https:\/\/lawofficeofedwardhanratty.com\/disclaimer\/","name":"Disclaimer \u2013 Law Office of Edward Hanratty","isPartOf":{"@id":"https:\/\/lawofficeofedwardhanratty.com\/es\/#website"},"primaryImageOfPage":{"@id":"https:\/\/lawofficeofedwardhanratty.com\/disclaimer\/#primaryimage"},"image":{"@id":"https:\/\/lawofficeofedwardhanratty.com\/disclaimer\/#primaryimage"},"thumbnailUrl":"http:\/\/lawofficeofedwardhanratty.com\/wp-content\/uploads\/2023\/11\/divider.png","datePublished":"2023-11-14T18:25:45+00:00","dateModified":"2025-05-21T14:10:44+00:00","breadcrumb":{"@id":"https:\/\/lawofficeofedwardhanratty.com\/disclaimer\/#breadcrumb"},"inLanguage":"es","potentialAction":[{"@type":"ReadAction","target":["https:\/\/lawofficeofedwardhanratty.com\/disclaimer\/"]}]},{"@type":"ImageObject","inLanguage":"es","@id":"https:\/\/lawofficeofedwardhanratty.com\/disclaimer\/#primaryimage","url":"http:\/\/lawofficeofedwardhanratty.com\/wp-content\/uploads\/2023\/11\/divider.png","contentUrl":"http:\/\/lawofficeofedwardhanratty.com\/wp-content\/uploads\/2023\/11\/divider.png"},{"@type":"BreadcrumbList","@id":"https:\/\/lawofficeofedwardhanratty.com\/disclaimer\/#breadcrumb","itemListElement":[{"@type":"ListItem","position":1,"name":"Home","item":"https:\/\/lawofficeofedwardhanratty.com\/es\/"},{"@type":"ListItem","position":2,"name":"Disclaimer"}]},{"@type":"WebSite","@id":"https:\/\/lawofficeofedwardhanratty.com\/es\/#website","url":"https:\/\/lawofficeofedwardhanratty.com\/es\/","name":"Law Office of Edward Hanratty","description":"","publisher":{"@id":"https:\/\/lawofficeofedwardhanratty.com\/es\/#organization"},"potentialAction":[{"@type":"SearchAction","target":{"@type":"EntryPoint","urlTemplate":"https:\/\/lawofficeofedwardhanratty.com\/es\/?s={search_term_string}"},"query-input":{"@type":"PropertyValueSpecification","valueRequired":true,"valueName":"search_term_string"}}],"inLanguage":"es"},{"@type":"Organization","@id":"https:\/\/lawofficeofedwardhanratty.com\/es\/#organization","name":"Law Office of Edward Hanratty","url":"https:\/\/lawofficeofedwardhanratty.com\/es\/","logo":{"@type":"ImageObject","inLanguage":"es","@id":"https:\/\/lawofficeofedwardhanratty.com\/es\/#\/schema\/logo\/image\/","url":"http:\/\/lawofficeofedwardhanratty.com\/wp-content\/uploads\/2023\/12\/Withe-Logo.png","contentUrl":"http:\/\/lawofficeofedwardhanratty.com\/wp-content\/uploads\/2023\/12\/Withe-Logo.png","width":922,"height":283,"caption":"Law Office of Edward Hanratty"},"image":{"@id":"https:\/\/lawofficeofedwardhanratty.com\/es\/#\/schema\/logo\/image\/"}}]}},"_links":{"self":[{"href":"http:\/\/lawofficeofedwardhanratty.com\/es\/wp-json\/wp\/v2\/pages\/32","targetHints":{"allow":["GET"]}}],"collection":[{"href":"http:\/\/lawofficeofedwardhanratty.com\/es\/wp-json\/wp\/v2\/pages"}],"about":[{"href":"http:\/\/lawofficeofedwardhanratty.com\/es\/wp-json\/wp\/v2\/types\/page"}],"author":[{"embeddable":true,"href":"http:\/\/lawofficeofedwardhanratty.com\/es\/wp-json\/wp\/v2\/users\/1"}],"replies":[{"embeddable":true,"href":"http:\/\/lawofficeofedwardhanratty.com\/es\/wp-json\/wp\/v2\/comments?post=32"}],"version-history":[{"count":1,"href":"http:\/\/lawofficeofedwardhanratty.com\/es\/wp-json\/wp\/v2\/pages\/32\/revisions"}],"predecessor-version":[{"id":1035,"href":"http:\/\/lawofficeofedwardhanratty.com\/es\/wp-json\/wp\/v2\/pages\/32\/revisions\/1035"}],"wp:attachment":[{"href":"http:\/\/lawofficeofedwardhanratty.com\/es\/wp-json\/wp\/v2\/media?parent=32"}],"curies":[{"name":"wp","href":"https:\/\/api.w.org\/{rel}","templated":true}]}}