{"id":16,"date":"2023-11-14T18:24:30","date_gmt":"2023-11-14T18:24:30","guid":{"rendered":"http:\/\/lawofficeofedwardhanratty.com\/?page_id=16"},"modified":"2025-05-21T14:10:23","modified_gmt":"2025-05-21T14:10:23","slug":"about-edward-hanratty","status":"publish","type":"page","link":"https:\/\/lawofficeofedwardhanratty.com\/es\/about-edward-hanratty\/","title":{"rendered":"Sobre Edward Hanratty"},"content":{"rendered":"<div data-elementor-type=\"wp-page\" data-elementor-id=\"16\" class=\"elementor elementor-16\" data-elementor-post-type=\"page\">\n\t\t\t\t<div class=\"elementor-element elementor-element-d303c33 e-flex e-con-boxed e-con e-parent\" data-id=\"d303c33\" data-element_type=\"container\" data-settings=\"{&quot;background_background&quot;:&quot;classic&quot;}\">\n\t\t\t\t\t<div class=\"e-con-inner\">\n\t\t\t\t<div class=\"elementor-element elementor-element-717e925 elementor-widget elementor-widget-image\" data-id=\"717e925\" data-element_type=\"widget\" data-widget_type=\"image.default\">\n\t\t\t\t<div class=\"elementor-widget-container\">\n\t\t\t\t\t\t\t\t\t\t\t\t\t\t\t<img decoding=\"async\" width=\"85\" height=\"5\" src=\"https:\/\/lawofficeofedwardhanratty.com\/wp-content\/uploads\/2023\/11\/divider.png\" class=\"attachment-large size-large wp-image-93\" alt=\"\" \/>\t\t\t\t\t\t\t\t\t\t\t\t\t\t\t<\/div>\n\t\t\t\t<\/div>\n\t\t\t\t<div class=\"elementor-element elementor-element-a53dee0 elementor-widget elementor-widget-heading\" data-id=\"a53dee0\" data-element_type=\"widget\" data-widget_type=\"heading.default\">\n\t\t\t\t<div class=\"elementor-widget-container\">\n\t\t\t\t\t<h2 class=\"elementor-heading-title elementor-size-default\">Sobre Edward Hanratty<\/h2>\t\t\t\t<\/div>\n\t\t\t\t<\/div>\n\t\t\t\t\t<\/div>\n\t\t\t\t<\/div>\n\t\t<div class=\"elementor-element elementor-element-87cead7 e-flex e-con-boxed e-con e-parent\" data-id=\"87cead7\" data-element_type=\"container\">\n\t\t\t\t\t<div class=\"e-con-inner\">\n\t\t<div class=\"elementor-element elementor-element-650b607 e-con-full e-flex e-con e-child\" data-id=\"650b607\" data-element_type=\"container\">\n\t\t\t\t<div class=\"elementor-element elementor-element-699bd0a elementor-widget elementor-widget-image\" data-id=\"699bd0a\" data-element_type=\"widget\" data-widget_type=\"image.default\">\n\t\t\t\t<div class=\"elementor-widget-container\">\n\t\t\t\t\t\t\t\t\t\t\t\t\t\t\t<img fetchpriority=\"high\" decoding=\"async\" width=\"800\" height=\"1008\" src=\"https:\/\/lawofficeofedwardhanratty.com\/wp-content\/uploads\/2023\/11\/Edward_G._Hanratty_Esq_Attorney__Law_Office_of_Edward_Hanratty-20231113_0035-813x1024.jpeg\" class=\"attachment-large size-large wp-image-554\" alt=\"\" srcset=\"https:\/\/lawofficeofedwardhanratty.com\/wp-content\/uploads\/2023\/11\/Edward_G._Hanratty_Esq_Attorney__Law_Office_of_Edward_Hanratty-20231113_0035-813x1024.jpeg 813w, https:\/\/lawofficeofedwardhanratty.com\/wp-content\/uploads\/2023\/11\/Edward_G._Hanratty_Esq_Attorney__Law_Office_of_Edward_Hanratty-20231113_0035-238x300.jpeg 238w, https:\/\/lawofficeofedwardhanratty.com\/wp-content\/uploads\/2023\/11\/Edward_G._Hanratty_Esq_Attorney__Law_Office_of_Edward_Hanratty-20231113_0035-768x967.jpeg 768w, https:\/\/lawofficeofedwardhanratty.com\/wp-content\/uploads\/2023\/11\/Edward_G._Hanratty_Esq_Attorney__Law_Office_of_Edward_Hanratty-20231113_0035-1220x1536.jpeg 1220w, https:\/\/lawofficeofedwardhanratty.com\/wp-content\/uploads\/2023\/11\/Edward_G._Hanratty_Esq_Attorney__Law_Office_of_Edward_Hanratty-20231113_0035-10x12.jpeg 10w, https:\/\/lawofficeofedwardhanratty.com\/wp-content\/uploads\/2023\/11\/Edward_G._Hanratty_Esq_Attorney__Law_Office_of_Edward_Hanratty-20231113_0035.jpeg 1573w\" sizes=\"(max-width: 800px) 100vw, 800px\" \/>\t\t\t\t\t\t\t\t\t\t\t\t\t\t\t<\/div>\n\t\t\t\t<\/div>\n\t\t\t\t<\/div>\n\t\t<div class=\"elementor-element elementor-element-0dda7bd e-con-full e-flex e-con e-child\" data-id=\"0dda7bd\" data-element_type=\"container\">\n\t\t\t\t<div class=\"elementor-element elementor-element-5f942a8 elementor-widget elementor-widget-text-editor\" data-id=\"5f942a8\" data-element_type=\"widget\" data-widget_type=\"text-editor.default\">\n\t\t\t\t<div class=\"elementor-widget-container\">\n\t\t\t\t\t\t\t\t\t<p>Edward G. Hanratty es el propietario y abogado principal de la Firma Legal Edward Hanratty. El Sr. Hanratty obtuvo su Doctorado en Derecho de la Facultad de Derecho Thomas Cooley en 1997 y comenz\u00f3 a ejercer la abogac\u00eda en 1998. Su experiencia incluye lesiones personales, defensa del consumidor, bancarrota del consumidor (personal), derecho de propietarios\/inquilinos, litigios hipotecarios y litigios de pr\u00e9stamos estudiantiles. El Sr. Hanratty maneja todos los casos personalmente de principio a fin. El Sr. Hanratty ha manejado juicios ante jueces y jurados desde 1998.\u00a0<\/p>\t\t\t\t\t\t\t\t<\/div>\n\t\t\t\t<\/div>\n\t\t\t\t<\/div>\n\t\t\t\t\t<\/div>\n\t\t\t\t<\/div>\n\t\t<div class=\"elementor-element elementor-element-89be95b e-con-full e-flex e-con e-parent\" data-id=\"89be95b\" data-element_type=\"container\">\n\t\t<div class=\"elementor-element elementor-element-6c48fdb e-con-full e-flex e-con e-child\" data-id=\"6c48fdb\" data-element_type=\"container\" data-settings=\"{&quot;background_background&quot;:&quot;classic&quot;}\">\n\t\t\t\t<\/div>\n\t\t<div class=\"elementor-element elementor-element-ae76a29 e-con-full e-flex e-con e-child\" data-id=\"ae76a29\" data-element_type=\"container\">\n\t\t\t\t<div class=\"elementor-element elementor-element-d1b07a2 elementor-widget elementor-widget-image\" data-id=\"d1b07a2\" data-element_type=\"widget\" data-widget_type=\"image.default\">\n\t\t\t\t<div class=\"elementor-widget-container\">\n\t\t\t\t\t\t\t\t\t\t\t\t\t\t\t<img decoding=\"async\" width=\"85\" height=\"5\" src=\"https:\/\/lawofficeofedwardhanratty.com\/wp-content\/uploads\/2023\/11\/divider.png\" class=\"attachment-large size-large wp-image-93\" alt=\"\" \/>\t\t\t\t\t\t\t\t\t\t\t\t\t\t\t<\/div>\n\t\t\t\t<\/div>\n\t\t\t\t<div class=\"elementor-element elementor-element-adc38da elementor-widget elementor-widget-heading\" data-id=\"adc38da\" data-element_type=\"widget\" data-widget_type=\"heading.default\">\n\t\t\t\t<div class=\"elementor-widget-container\">\n\t\t\t\t\t<h2 class=\"elementor-heading-title elementor-size-default\">Edward G. Hanratty\n<\/h2>\t\t\t\t<\/div>\n\t\t\t\t<\/div>\n\t\t\t\t<div class=\"elementor-element elementor-element-5f8cc09 elementor-widget elementor-widget-heading\" data-id=\"5f8cc09\" data-element_type=\"widget\" data-widget_type=\"heading.default\">\n\t\t\t\t<div class=\"elementor-widget-container\">\n\t\t\t\t\t<h4 class=\"elementor-heading-title elementor-size-default\">Abogado<\/h4>\t\t\t\t<\/div>\n\t\t\t\t<\/div>\n\t\t\t\t<div class=\"elementor-element elementor-element-22dbb2b elementor-widget elementor-widget-spacer\" data-id=\"22dbb2b\" data-element_type=\"widget\" data-widget_type=\"spacer.default\">\n\t\t\t\t<div class=\"elementor-widget-container\">\n\t\t\t\t\t\t\t<div class=\"elementor-spacer\">\n\t\t\t<div class=\"elementor-spacer-inner\"><\/div>\n\t\t<\/div>\n\t\t\t\t\t\t<\/div>\n\t\t\t\t<\/div>\n\t\t\t\t<div class=\"elementor-element elementor-element-a7d8385 elementor-widget elementor-widget-text-editor\" data-id=\"a7d8385\" data-element_type=\"widget\" data-widget_type=\"text-editor.default\">\n\t\t\t\t<div class=\"elementor-widget-container\">\n\t\t\t\t\t\t\t\t\t<p>La vida de Edward G. Hanratty, nacido en Guam, ha sido de constante movimiento y una b\u00fasqueda incesante de la justicia. Vivi\u00f3 en muchos lugares mientras crec\u00eda. La trayectoria educativa de Edward lo llev\u00f3 a la Universidad Thomas Cooley, ahora Universidad de Western Michigan, donde desarroll\u00f3 su pasi\u00f3n por el derecho. Se gradu\u00f3 en 1997 con un Doctorado en Derecho.<\/p><p>En 1998, Edward comenz\u00f3 a ejercer el derecho en una firma de abogados de lesiones personales en Newark, Nueva Jersey. Su dedicaci\u00f3n y compromiso para ayudar a los necesitados r\u00e1pidamente lo distinguieron como un defensor decidido de la justicia. Luego se mud\u00f3 al condado de Monmouth, donde continu\u00f3 ejerciendo en diferentes firmas de abogados. En 2019, Edward abri\u00f3 su propia firma de abogados en el condado de Monmouth, conocida como Firma Legal Edward Hanratty.\u00a0<\/p>\t\t\t\t\t\t\t\t<\/div>\n\t\t\t\t<\/div>\n\t\t\t\t<div class=\"elementor-element elementor-element-dd6bcaf elementor-widget elementor-widget-heading\" data-id=\"dd6bcaf\" data-element_type=\"widget\" data-widget_type=\"heading.default\">\n\t\t\t\t<div class=\"elementor-widget-container\">\n\t\t\t\t\t<h3 class=\"elementor-heading-title elementor-size-default\">Premios y Certificados<\/h3>\t\t\t\t<\/div>\n\t\t\t\t<\/div>\n\t\t\t\t<div class=\"elementor-element elementor-element-fb4ec5a elementor-widget elementor-widget-text-editor\" data-id=\"fb4ec5a\" data-element_type=\"widget\" data-widget_type=\"text-editor.default\">\n\t\t\t\t<div class=\"elementor-widget-container\">\n\t\t\t\t\t\t\t\t\t<p>Edward G. Hanratty es el propietario y abogado principal de la Oficina Legal de Edward Hanratty. El Sr. Hanratty cree que la pr\u00e1ctica de la abogac\u00eda es un privilegio, y ese privilegio conlleva la obligaci\u00f3n de contribuir a la comunidad. Ha sido reconocido por el estado de Nueva Jersey y varias organizaciones legales en todo el estado como un importante contribuyente de la justicia.<\/p>\t\t\t\t\t\t\t\t<\/div>\n\t\t\t\t<\/div>\n\t\t\t\t<div class=\"elementor-element elementor-element-102cd72 elementor-widget elementor-widget-gallery\" data-id=\"102cd72\" data-element_type=\"widget\" data-settings=\"{&quot;gallery_layout&quot;:&quot;justified&quot;,&quot;lazyload&quot;:&quot;yes&quot;,&quot;ideal_row_height&quot;:{&quot;unit&quot;:&quot;px&quot;,&quot;size&quot;:200,&quot;sizes&quot;:[]},&quot;ideal_row_height_tablet&quot;:{&quot;unit&quot;:&quot;px&quot;,&quot;size&quot;:150,&quot;sizes&quot;:[]},&quot;ideal_row_height_mobile&quot;:{&quot;unit&quot;:&quot;px&quot;,&quot;size&quot;:150,&quot;sizes&quot;:[]},&quot;gap&quot;:{&quot;unit&quot;:&quot;px&quot;,&quot;size&quot;:10,&quot;sizes&quot;:[]},&quot;gap_tablet&quot;:{&quot;unit&quot;:&quot;px&quot;,&quot;size&quot;:10,&quot;sizes&quot;:[]},&quot;gap_mobile&quot;:{&quot;unit&quot;:&quot;px&quot;,&quot;size&quot;:10,&quot;sizes&quot;:[]},&quot;link_to&quot;:&quot;file&quot;,&quot;overlay_background&quot;:&quot;yes&quot;,&quot;content_hover_animation&quot;:&quot;fade-in&quot;}\" data-widget_type=\"gallery.default\">\n\t\t\t\t<div class=\"elementor-widget-container\">\n\t\t\t\t\t\t\t<div class=\"elementor-gallery__container\">\n\t\t\t\t\t\t\t<a class=\"e-gallery-item elementor-gallery-item elementor-animated-content\" href=\"https:\/\/lawofficeofedwardhanratty.com\/wp-content\/uploads\/2023\/12\/HANRATTY-CERTIFICATE-2_page-0001.webp\" data-elementor-open-lightbox=\"yes\" data-elementor-lightbox-slideshow=\"102cd72\" data-elementor-lightbox-title=\"HANRATTY- CERTIFICATE (2)_page-0001\" data-e-action-hash=\"#elementor-action%3Aaction%3Dlightbox%26settings%3DeyJpZCI6NTY3LCJ1cmwiOiJodHRwczpcL1wvbGF3b2ZmaWNlb2ZlZHdhcmRoYW5yYXR0eS5jb21cL3dwLWNvbnRlbnRcL3VwbG9hZHNcLzIwMjNcLzEyXC9IQU5SQVRUWS1DRVJUSUZJQ0FURS0yX3BhZ2UtMDAwMS53ZWJwIiwic2xpZGVzaG93IjoiMTAyY2Q3MiJ9\">\n\t\t\t\t\t<div class=\"e-gallery-image elementor-gallery-item__image\" data-thumbnail=\"https:\/\/lawofficeofedwardhanratty.com\/wp-content\/uploads\/2023\/12\/HANRATTY-CERTIFICATE-2_page-0001.webp\" data-width=\"971\" data-height=\"1600\" aria-label=\"\" role=\"img\" ><\/div>\n\t\t\t\t\t\t\t\t\t\t\t<div class=\"elementor-gallery-item__overlay\"><\/div>\n\t\t\t\t\t\t\t\t\t\t\t\t\t\t<\/a>\n\t\t\t\t\t\t\t<a class=\"e-gallery-item elementor-gallery-item elementor-animated-content\" href=\"https:\/\/lawofficeofedwardhanratty.com\/wp-content\/uploads\/2023\/12\/HANRATTY-CERTIFICATE_page-0001.webp\" data-elementor-open-lightbox=\"yes\" data-elementor-lightbox-slideshow=\"102cd72\" data-elementor-lightbox-title=\"HANRATTY- CERTIFICATE_page-0001\" data-e-action-hash=\"#elementor-action%3Aaction%3Dlightbox%26settings%3DeyJpZCI6NTY4LCJ1cmwiOiJodHRwczpcL1wvbGF3b2ZmaWNlb2ZlZHdhcmRoYW5yYXR0eS5jb21cL3dwLWNvbnRlbnRcL3VwbG9hZHNcLzIwMjNcLzEyXC9IQU5SQVRUWS1DRVJUSUZJQ0FURV9wYWdlLTAwMDEud2VicCIsInNsaWRlc2hvdyI6IjEwMmNkNzIifQ%3D%3D\">\n\t\t\t\t\t<div class=\"e-gallery-image elementor-gallery-item__image\" data-thumbnail=\"https:\/\/lawofficeofedwardhanratty.com\/wp-content\/uploads\/2023\/12\/HANRATTY-CERTIFICATE_page-0001.webp\" data-width=\"1600\" data-height=\"1236\" aria-label=\"\" role=\"img\" ><\/div>\n\t\t\t\t\t\t\t\t\t\t\t<div class=\"elementor-gallery-item__overlay\"><\/div>\n\t\t\t\t\t\t\t\t\t\t\t\t\t\t<\/a>\n\t\t\t\t\t\t\t<a class=\"e-gallery-item elementor-gallery-item elementor-animated-content\" href=\"https:\/\/lawofficeofedwardhanratty.com\/wp-content\/uploads\/2023\/12\/HANRATTY-CERTIFICATE_page-0001-1.webp\" data-elementor-open-lightbox=\"yes\" data-elementor-lightbox-slideshow=\"102cd72\" data-elementor-lightbox-title=\"HANRATTY-CERTIFICATE_page-0001\" data-e-action-hash=\"#elementor-action%3Aaction%3Dlightbox%26settings%3DeyJpZCI6NTY5LCJ1cmwiOiJodHRwczpcL1wvbGF3b2ZmaWNlb2ZlZHdhcmRoYW5yYXR0eS5jb21cL3dwLWNvbnRlbnRcL3VwbG9hZHNcLzIwMjNcLzEyXC9IQU5SQVRUWS1DRVJUSUZJQ0FURV9wYWdlLTAwMDEtMS53ZWJwIiwic2xpZGVzaG93IjoiMTAyY2Q3MiJ9\">\n\t\t\t\t\t<div class=\"e-gallery-image elementor-gallery-item__image\" data-thumbnail=\"https:\/\/lawofficeofedwardhanratty.com\/wp-content\/uploads\/2023\/12\/HANRATTY-CERTIFICATE_page-0001-1.webp\" data-width=\"1600\" data-height=\"1236\" aria-label=\"\" role=\"img\" ><\/div>\n\t\t\t\t\t\t\t\t\t\t\t<div class=\"elementor-gallery-item__overlay\"><\/div>\n\t\t\t\t\t\t\t\t\t\t\t\t\t\t<\/a>\n\t\t\t\t\t<\/div>\n\t\t\t\t\t<\/div>\n\t\t\t\t<\/div>\n\t\t\t\t<\/div>\n\t\t\t\t<\/div>\n\t\t\t\t<\/div>","protected":false},"excerpt":{"rendered":"<p>About Edward Hanratty Edward G. Hanratty is the owner and principal attorney at the Law Office of Edward Hanratty. Mr. Hanratty obtained his Juris Doctorate from Thomas Cooley Law School in 1997 and began practicing law in 1998. His experience includes personal injury, consumer advocacy, Consumer (personal) bankruptcy, landlord\/tenant law, Mortgage Litigation, and Student Loan [&hellip;]<\/p>","protected":false},"author":1,"featured_media":0,"parent":0,"menu_order":0,"comment_status":"closed","ping_status":"closed","template":"","meta":{"footnotes":""},"class_list":["post-16","page","type-page","status-publish","hentry"],"yoast_head":"<!-- This site is optimized with the Yoast SEO plugin v25.1 - https:\/\/yoast.com\/wordpress\/plugins\/seo\/ -->\n<title>About Edward Hanratty \u2013 Law Office of Edward Hanratty<\/title>\n<meta name=\"robots\" content=\"index, follow, max-snippet:-1, max-image-preview:large, max-video-preview:-1\" \/>\n<link rel=\"canonical\" href=\"https:\/\/lawofficeofedwardhanratty.com\/es\/about-edward-hanratty\/\" \/>\n<meta property=\"og:locale\" content=\"es_ES\" \/>\n<meta property=\"og:type\" content=\"article\" \/>\n<meta property=\"og:title\" content=\"About Edward Hanratty \u2013 Law Office of Edward Hanratty\" \/>\n<meta property=\"og:description\" content=\"About Edward Hanratty Edward G. Hanratty is the owner and principal attorney at the Law Office of Edward Hanratty. Mr. Hanratty obtained his Juris Doctorate from Thomas Cooley Law School in 1997 and began practicing law in 1998. His experience includes personal injury, consumer advocacy, Consumer (personal) bankruptcy, landlord\/tenant law, Mortgage Litigation, and Student Loan [&hellip;]\" \/>\n<meta property=\"og:url\" content=\"https:\/\/lawofficeofedwardhanratty.com\/es\/about-edward-hanratty\/\" \/>\n<meta property=\"og:site_name\" content=\"Law Office of Edward Hanratty\" \/>\n<meta property=\"article:modified_time\" content=\"2025-05-21T14:10:23+00:00\" \/>\n<meta property=\"og:image\" content=\"http:\/\/lawofficeofedwardhanratty.com\/wp-content\/uploads\/2023\/11\/divider.png\" \/>\n<meta name=\"twitter:card\" content=\"summary_large_image\" \/>\n<meta name=\"twitter:label1\" content=\"Tiempo de lectura\" \/>\n\t<meta name=\"twitter:data1\" content=\"2 minutos\" \/>\n<script type=\"application\/ld+json\" class=\"yoast-schema-graph\">{\"@context\":\"https:\/\/schema.org\",\"@graph\":[{\"@type\":\"WebPage\",\"@id\":\"https:\/\/lawofficeofedwardhanratty.com\/es\/about-edward-hanratty\/\",\"url\":\"https:\/\/lawofficeofedwardhanratty.com\/es\/about-edward-hanratty\/\",\"name\":\"About Edward Hanratty \u2013 Law Office of Edward Hanratty\",\"isPartOf\":{\"@id\":\"https:\/\/lawofficeofedwardhanratty.com\/es\/#website\"},\"primaryImageOfPage\":{\"@id\":\"https:\/\/lawofficeofedwardhanratty.com\/es\/about-edward-hanratty\/#primaryimage\"},\"image\":{\"@id\":\"https:\/\/lawofficeofedwardhanratty.com\/es\/about-edward-hanratty\/#primaryimage\"},\"thumbnailUrl\":\"http:\/\/lawofficeofedwardhanratty.com\/wp-content\/uploads\/2023\/11\/divider.png\",\"datePublished\":\"2023-11-14T18:24:30+00:00\",\"dateModified\":\"2025-05-21T14:10:23+00:00\",\"breadcrumb\":{\"@id\":\"https:\/\/lawofficeofedwardhanratty.com\/es\/about-edward-hanratty\/#breadcrumb\"},\"inLanguage\":\"es\",\"potentialAction\":[{\"@type\":\"ReadAction\",\"target\":[\"https:\/\/lawofficeofedwardhanratty.com\/es\/about-edward-hanratty\/\"]}]},{\"@type\":\"ImageObject\",\"inLanguage\":\"es\",\"@id\":\"https:\/\/lawofficeofedwardhanratty.com\/es\/about-edward-hanratty\/#primaryimage\",\"url\":\"http:\/\/lawofficeofedwardhanratty.com\/wp-content\/uploads\/2023\/11\/divider.png\",\"contentUrl\":\"http:\/\/lawofficeofedwardhanratty.com\/wp-content\/uploads\/2023\/11\/divider.png\"},{\"@type\":\"BreadcrumbList\",\"@id\":\"https:\/\/lawofficeofedwardhanratty.com\/es\/about-edward-hanratty\/#breadcrumb\",\"itemListElement\":[{\"@type\":\"ListItem\",\"position\":1,\"name\":\"Home\",\"item\":\"https:\/\/lawofficeofedwardhanratty.com\/es\/\"},{\"@type\":\"ListItem\",\"position\":2,\"name\":\"About Edward Hanratty\"}]},{\"@type\":\"WebSite\",\"@id\":\"https:\/\/lawofficeofedwardhanratty.com\/es\/#website\",\"url\":\"https:\/\/lawofficeofedwardhanratty.com\/es\/\",\"name\":\"Law Office of Edward Hanratty\",\"description\":\"\",\"publisher\":{\"@id\":\"https:\/\/lawofficeofedwardhanratty.com\/es\/#organization\"},\"potentialAction\":[{\"@type\":\"SearchAction\",\"target\":{\"@type\":\"EntryPoint\",\"urlTemplate\":\"https:\/\/lawofficeofedwardhanratty.com\/es\/?s={search_term_string}\"},\"query-input\":{\"@type\":\"PropertyValueSpecification\",\"valueRequired\":true,\"valueName\":\"search_term_string\"}}],\"inLanguage\":\"es\"},{\"@type\":\"Organization\",\"@id\":\"https:\/\/lawofficeofedwardhanratty.com\/es\/#organization\",\"name\":\"Law Office of Edward Hanratty\",\"url\":\"https:\/\/lawofficeofedwardhanratty.com\/es\/\",\"logo\":{\"@type\":\"ImageObject\",\"inLanguage\":\"es\",\"@id\":\"https:\/\/lawofficeofedwardhanratty.com\/es\/#\/schema\/logo\/image\/\",\"url\":\"https:\/\/lawofficeofedwardhanratty.com\/wp-content\/uploads\/2023\/12\/Withe-Logo.png\",\"contentUrl\":\"https:\/\/lawofficeofedwardhanratty.com\/wp-content\/uploads\/2023\/12\/Withe-Logo.png\",\"width\":922,\"height\":283,\"caption\":\"Law Office of Edward Hanratty\"},\"image\":{\"@id\":\"https:\/\/lawofficeofedwardhanratty.com\/es\/#\/schema\/logo\/image\/\"}}]}<\/script>\n<!-- \/ Yoast SEO plugin. -->","yoast_head_json":{"title":"About Edward Hanratty \u2013 Law Office of Edward Hanratty","robots":{"index":"index","follow":"follow","max-snippet":"max-snippet:-1","max-image-preview":"max-image-preview:large","max-video-preview":"max-video-preview:-1"},"canonical":"https:\/\/lawofficeofedwardhanratty.com\/es\/about-edward-hanratty\/","og_locale":"es_ES","og_type":"article","og_title":"About Edward Hanratty \u2013 Law Office of Edward Hanratty","og_description":"About Edward Hanratty Edward G. Hanratty is the owner and principal attorney at the Law Office of Edward Hanratty. Mr. Hanratty obtained his Juris Doctorate from Thomas Cooley Law School in 1997 and began practicing law in 1998. His experience includes personal injury, consumer advocacy, Consumer (personal) bankruptcy, landlord\/tenant law, Mortgage Litigation, and Student Loan [&hellip;]","og_url":"https:\/\/lawofficeofedwardhanratty.com\/es\/about-edward-hanratty\/","og_site_name":"Law Office of Edward Hanratty","article_modified_time":"2025-05-21T14:10:23+00:00","og_image":[{"url":"http:\/\/lawofficeofedwardhanratty.com\/wp-content\/uploads\/2023\/11\/divider.png","type":"","width":"","height":""}],"twitter_card":"summary_large_image","twitter_misc":{"Tiempo de lectura":"2 minutos"},"schema":{"@context":"https:\/\/schema.org","@graph":[{"@type":"WebPage","@id":"https:\/\/lawofficeofedwardhanratty.com\/es\/about-edward-hanratty\/","url":"https:\/\/lawofficeofedwardhanratty.com\/es\/about-edward-hanratty\/","name":"About Edward Hanratty \u2013 Law Office of Edward Hanratty","isPartOf":{"@id":"https:\/\/lawofficeofedwardhanratty.com\/es\/#website"},"primaryImageOfPage":{"@id":"https:\/\/lawofficeofedwardhanratty.com\/es\/about-edward-hanratty\/#primaryimage"},"image":{"@id":"https:\/\/lawofficeofedwardhanratty.com\/es\/about-edward-hanratty\/#primaryimage"},"thumbnailUrl":"http:\/\/lawofficeofedwardhanratty.com\/wp-content\/uploads\/2023\/11\/divider.png","datePublished":"2023-11-14T18:24:30+00:00","dateModified":"2025-05-21T14:10:23+00:00","breadcrumb":{"@id":"https:\/\/lawofficeofedwardhanratty.com\/es\/about-edward-hanratty\/#breadcrumb"},"inLanguage":"es","potentialAction":[{"@type":"ReadAction","target":["https:\/\/lawofficeofedwardhanratty.com\/es\/about-edward-hanratty\/"]}]},{"@type":"ImageObject","inLanguage":"es","@id":"https:\/\/lawofficeofedwardhanratty.com\/es\/about-edward-hanratty\/#primaryimage","url":"http:\/\/lawofficeofedwardhanratty.com\/wp-content\/uploads\/2023\/11\/divider.png","contentUrl":"http:\/\/lawofficeofedwardhanratty.com\/wp-content\/uploads\/2023\/11\/divider.png"},{"@type":"BreadcrumbList","@id":"https:\/\/lawofficeofedwardhanratty.com\/es\/about-edward-hanratty\/#breadcrumb","itemListElement":[{"@type":"ListItem","position":1,"name":"Home","item":"https:\/\/lawofficeofedwardhanratty.com\/es\/"},{"@type":"ListItem","position":2,"name":"About Edward Hanratty"}]},{"@type":"WebSite","@id":"https:\/\/lawofficeofedwardhanratty.com\/es\/#website","url":"https:\/\/lawofficeofedwardhanratty.com\/es\/","name":"Law Office of Edward Hanratty","description":"","publisher":{"@id":"https:\/\/lawofficeofedwardhanratty.com\/es\/#organization"},"potentialAction":[{"@type":"SearchAction","target":{"@type":"EntryPoint","urlTemplate":"https:\/\/lawofficeofedwardhanratty.com\/es\/?s={search_term_string}"},"query-input":{"@type":"PropertyValueSpecification","valueRequired":true,"valueName":"search_term_string"}}],"inLanguage":"es"},{"@type":"Organization","@id":"https:\/\/lawofficeofedwardhanratty.com\/es\/#organization","name":"Law Office of Edward Hanratty","url":"https:\/\/lawofficeofedwardhanratty.com\/es\/","logo":{"@type":"ImageObject","inLanguage":"es","@id":"https:\/\/lawofficeofedwardhanratty.com\/es\/#\/schema\/logo\/image\/","url":"https:\/\/lawofficeofedwardhanratty.com\/wp-content\/uploads\/2023\/12\/Withe-Logo.png","contentUrl":"https:\/\/lawofficeofedwardhanratty.com\/wp-content\/uploads\/2023\/12\/Withe-Logo.png","width":922,"height":283,"caption":"Law Office of Edward Hanratty"},"image":{"@id":"https:\/\/lawofficeofedwardhanratty.com\/es\/#\/schema\/logo\/image\/"}}]}},"_links":{"self":[{"href":"https:\/\/lawofficeofedwardhanratty.com\/es\/wp-json\/wp\/v2\/pages\/16","targetHints":{"allow":["GET"]}}],"collection":[{"href":"https:\/\/lawofficeofedwardhanratty.com\/es\/wp-json\/wp\/v2\/pages"}],"about":[{"href":"https:\/\/lawofficeofedwardhanratty.com\/es\/wp-json\/wp\/v2\/types\/page"}],"author":[{"embeddable":true,"href":"https:\/\/lawofficeofedwardhanratty.com\/es\/wp-json\/wp\/v2\/users\/1"}],"replies":[{"embeddable":true,"href":"https:\/\/lawofficeofedwardhanratty.com\/es\/wp-json\/wp\/v2\/comments?post=16"}],"version-history":[{"count":1,"href":"https:\/\/lawofficeofedwardhanratty.com\/es\/wp-json\/wp\/v2\/pages\/16\/revisions"}],"predecessor-version":[{"id":1030,"href":"https:\/\/lawofficeofedwardhanratty.com\/es\/wp-json\/wp\/v2\/pages\/16\/revisions\/1030"}],"wp:attachment":[{"href":"https:\/\/lawofficeofedwardhanratty.com\/es\/wp-json\/wp\/v2\/media?parent=16"}],"curies":[{"name":"wp","href":"https:\/\/api.w.org\/{rel}","templated":true}]}}