{"id":24,"date":"2023-11-14T18:25:03","date_gmt":"2023-11-14T18:25:03","guid":{"rendered":"http:\/\/lawofficeofedwardhanratty.com\/?page_id=24"},"modified":"2025-05-21T14:10:37","modified_gmt":"2025-05-21T14:10:37","slug":"consumer-protection","status":"publish","type":"page","link":"https:\/\/lawofficeofedwardhanratty.com\/es\/consumer-protection\/","title":{"rendered":"Protecci\u00f3n al Consumidor"},"content":{"rendered":"<div data-elementor-type=\"wp-page\" data-elementor-id=\"24\" class=\"elementor elementor-24\" data-elementor-post-type=\"page\">\n\t\t\t\t<div class=\"elementor-element elementor-element-61aef95 e-flex e-con-boxed e-con e-parent\" data-id=\"61aef95\" data-element_type=\"container\" data-settings=\"{&quot;background_background&quot;:&quot;classic&quot;}\">\n\t\t\t\t\t<div class=\"e-con-inner\">\n\t\t\t\t<div class=\"elementor-element elementor-element-1799aa9 elementor-widget elementor-widget-image\" data-id=\"1799aa9\" data-element_type=\"widget\" data-widget_type=\"image.default\">\n\t\t\t\t<div class=\"elementor-widget-container\">\n\t\t\t\t\t\t\t\t\t\t\t\t\t\t\t<img decoding=\"async\" width=\"85\" height=\"5\" src=\"https:\/\/lawofficeofedwardhanratty.com\/wp-content\/uploads\/2023\/11\/divider.png\" class=\"attachment-large size-large wp-image-93\" alt=\"\" \/>\t\t\t\t\t\t\t\t\t\t\t\t\t\t\t<\/div>\n\t\t\t\t<\/div>\n\t\t\t\t<div class=\"elementor-element elementor-element-eed5b13 elementor-widget elementor-widget-heading\" data-id=\"eed5b13\" data-element_type=\"widget\" data-widget_type=\"heading.default\">\n\t\t\t\t<div class=\"elementor-widget-container\">\n\t\t\t\t\t<h2 class=\"elementor-heading-title elementor-size-default\">Protecci\u00f3n al Consumidor<\/h2>\t\t\t\t<\/div>\n\t\t\t\t<\/div>\n\t\t\t\t\t<\/div>\n\t\t\t\t<\/div>\n\t\t<div class=\"elementor-element elementor-element-eb2c8f0 e-flex e-con-boxed e-con e-parent\" data-id=\"eb2c8f0\" data-element_type=\"container\">\n\t\t\t\t\t<div class=\"e-con-inner\">\n\t\t<div class=\"elementor-element elementor-element-d9c3ca0 e-con-full e-flex e-con e-child\" data-id=\"d9c3ca0\" data-element_type=\"container\">\n\t\t\t\t<div class=\"elementor-element elementor-element-5475f8c elementor-widget elementor-widget-image\" data-id=\"5475f8c\" data-element_type=\"widget\" data-widget_type=\"image.default\">\n\t\t\t\t<div class=\"elementor-widget-container\">\n\t\t\t\t\t\t\t\t\t\t\t\t\t\t\t<img decoding=\"async\" src=\"https:\/\/lawofficeofedwardhanratty.com\/wp-content\/uploads\/2023\/12\/Depositphotos_94660816_XL.webp\" title=\"Depositphotos_94660816_XL\" alt=\"Depositphotos_94660816_XL\" loading=\"lazy\" \/>\t\t\t\t\t\t\t\t\t\t\t\t\t\t\t<\/div>\n\t\t\t\t<\/div>\n\t\t\t\t<\/div>\n\t\t<div class=\"elementor-element elementor-element-935fa23 e-con-full e-flex e-con e-child\" data-id=\"935fa23\" data-element_type=\"container\">\n\t\t\t\t<div class=\"elementor-element elementor-element-3dfe2ff elementor-widget elementor-widget-text-editor\" data-id=\"3dfe2ff\" data-element_type=\"widget\" data-widget_type=\"text-editor.default\">\n\t\t\t\t<div class=\"elementor-widget-container\">\n\t\t\t\t\t<style>.elementor-element-3dfe2ff{display:none !important}<\/style>\t\t\t\t<\/div>\n\t\t\t\t<\/div>\n\t\t\t\t<div class=\"elementor-element elementor-element-b0334e6 elementor-widget elementor-widget-text-editor\" data-id=\"b0334e6\" data-element_type=\"widget\" data-widget_type=\"text-editor.default\">\n\t\t\t\t<div class=\"elementor-widget-container\">\n\t\t\t\t\t\t\t\t\t<p>En el complejo mundo de la protecci\u00f3n del consumidor, es esencial contar con un defensor experto de tu lado. En la Firma Legal Edward Hanratty, nuestro abogado dedicado a la protecci\u00f3n del consumidor est\u00e1 aqu\u00ed para defender tus derechos e intereses. Estamos comprometidos a garantizar que los consumidores reciban un trato justo y est\u00e9n protegidos contra pr\u00e1cticas comerciales enga\u00f1osas o desleales.<\/p><p>Nuestra pr\u00e1ctica cubre una amplia gama de cuestiones de protecci\u00f3n al consumidor, incluidos casos de fraude, publicidad enga\u00f1osa, robo de identidad y responsabilidad por productos defectuosos. Si eres v\u00edctima de pr\u00e1cticas comerciales sin escr\u00fapulos, has sufrido da\u00f1os financieros o necesitas asesoramiento legal sobre los derechos del consumidor, estamos aqu\u00ed para guiarte a trav\u00e9s del proceso legal.<\/p><p>Cuando eliges a Edward Hanratty como tu abogado de protecci\u00f3n al consumidor, obtienes un defensor que conoce bien las leyes y regulaciones de protecci\u00f3n al consumidor de Nueva Jersey. Defenderemos tus derechos incansablemente y te ayudaremos a obtener la justicia que mereces.<\/p><p>Si est\u00e1s buscando abogados con experiencia en protecci\u00f3n al consumidor en Nueva Jersey, no dudes en contactarnos para una consulta.\u00a0<\/p>\t\t\t\t\t\t\t\t<\/div>\n\t\t\t\t<\/div>\n\t\t\t\t<\/div>\n\t\t\t\t\t<\/div>\n\t\t\t\t<\/div>\n\t\t<div class=\"elementor-element elementor-element-a65bb07 e-flex e-con-boxed e-con e-parent\" data-id=\"a65bb07\" data-element_type=\"container\" data-settings=\"{&quot;background_background&quot;:&quot;classic&quot;}\">\n\t\t\t\t\t<div class=\"e-con-inner\">\n\t\t<div class=\"elementor-element elementor-element-64410ac e-con-full e-flex e-con e-child\" data-id=\"64410ac\" data-element_type=\"container\">\n\t\t\t\t<div class=\"elementor-element elementor-element-2feefbd elementor-widget elementor-widget-heading\" data-id=\"2feefbd\" data-element_type=\"widget\" data-widget_type=\"heading.default\">\n\t\t\t\t<div class=\"elementor-widget-container\">\n\t\t\t\t\t<h2 class=\"elementor-heading-title elementor-size-default\">Las deudas no son el fin. Encontraremos la mejor soluci\u00f3n para proteger tu futuro y el patrimonio familiar. \n<\/h2>\t\t\t\t<\/div>\n\t\t\t\t<\/div>\n\t\t\t\t<\/div>\n\t\t<div class=\"elementor-element elementor-element-0526589 e-con-full e-flex e-con e-child\" data-id=\"0526589\" data-element_type=\"container\">\n\t\t\t\t<div class=\"elementor-element elementor-element-5c50d2c elementor-align-right elementor-mobile-align-center tel-link elementor-widget elementor-widget-button\" data-id=\"5c50d2c\" data-element_type=\"widget\" data-widget_type=\"button.default\">\n\t\t\t\t<div class=\"elementor-widget-container\">\n\t\t\t\t\t\t\t\t\t<div class=\"elementor-button-wrapper\">\n\t\t\t\t\t<a class=\"elementor-button elementor-button-link elementor-size-sm\" href=\"tel:+1%20(732)%20866-6655\">\n\t\t\t\t\t\t<span class=\"elementor-button-content-wrapper\">\n\t\t\t\t\t\t<span class=\"elementor-button-icon\">\n\t\t\t\t<svg xmlns=\"http:\/\/www.w3.org\/2000\/svg\" width=\"39\" height=\"38\" viewbox=\"0 0 39 38\" fill=\"none\"><g id=\"phone-104 (1) 2\"><path id=\"Vector\" d=\"M31.28 20.5417C30.9317 20.5417 30.5675 20.4337 30.2192 20.3567C29.5138 20.2053 28.8206 20.0044 28.145 19.7554C27.4105 19.4952 26.6031 19.5087 25.8782 19.7933C25.1532 20.078 24.5621 20.6136 24.2183 21.2971L23.87 21.9908C22.3278 21.1555 20.9107 20.1181 19.6583 18.9075C18.4151 17.6881 17.3496 16.3082 16.4917 14.8067L17.1567 14.375C17.8587 14.0403 18.4087 13.4647 18.701 12.7588C18.9934 12.053 19.0072 11.2669 18.74 10.5517C18.4886 9.89247 18.2823 9.2178 18.1225 8.53207C18.0433 8.19291 17.98 7.83832 17.9325 7.48374C17.7402 6.39782 17.1561 5.41443 16.2852 4.71065C15.4144 4.00688 14.3141 3.62897 13.1825 3.64499H8.43251C7.75014 3.63875 7.0744 3.77574 6.4513 4.04664C5.82819 4.31754 5.27235 4.71598 4.82161 5.21484C4.37086 5.7137 4.0358 6.30127 3.83924 6.93755C3.64267 7.57383 3.58922 8.24387 3.68251 8.90207C4.52601 15.3607 7.55539 21.3616 12.2921 25.957C17.0289 30.5523 23.203 33.4801 29.8392 34.2779H30.4408C31.6084 34.2796 32.7357 33.8625 33.6075 33.1062C34.1084 32.67 34.5086 32.1353 34.7815 31.5373C35.0544 30.9394 35.194 30.2918 35.1908 29.6375V25.0125C35.1714 23.9416 34.7709 22.9105 34.0577 22.0951C33.3445 21.2798 32.3627 20.7307 31.28 20.5417ZM32.0717 29.7917C32.0714 30.0105 32.0232 30.2269 31.9304 30.4262C31.8376 30.6256 31.7022 30.8034 31.5333 30.9479C31.3569 31.0975 31.1501 31.2091 30.9264 31.2755C30.7027 31.3419 30.4671 31.3616 30.235 31.3333C24.3053 30.593 18.7974 27.9517 14.5801 23.8259C10.3629 19.7001 7.67632 14.3246 6.94417 8.54749C6.91897 8.32166 6.94106 8.09321 7.00909 7.87593C7.07713 7.65864 7.1897 7.45705 7.34001 7.28332C7.48838 7.11888 7.67102 6.98708 7.87577 6.8967C8.08053 6.80632 8.3027 6.75943 8.52751 6.75916H13.2775C13.6457 6.75118 14.0052 6.86843 14.2942 7.09072C14.5832 7.31302 14.7836 7.62645 14.8608 7.97707C14.9242 8.39846 15.0033 8.81471 15.0983 9.22582C15.2812 10.0385 15.5247 10.8371 15.8267 11.6154L13.61 12.6175C13.4205 12.7022 13.25 12.8224 13.1083 12.9714C12.9667 13.1205 12.8567 13.2952 12.7846 13.4857C12.7125 13.6763 12.6798 13.8788 12.6883 14.0816C12.6968 14.2845 12.7464 14.4837 12.8342 14.6679C15.1129 19.4205 19.0365 23.2408 23.9175 25.4596C24.303 25.6138 24.7354 25.6138 25.1208 25.4596C25.3183 25.3908 25.4998 25.2845 25.6547 25.1469C25.8096 25.0093 25.9349 24.8431 26.0233 24.6579L27.005 22.4996C27.8235 22.7846 28.6589 23.0214 29.5067 23.2087C29.9289 23.3012 30.3564 23.3783 30.7892 23.44C31.1493 23.5152 31.4712 23.7103 31.6995 23.9917C31.9278 24.2731 32.0482 24.6231 32.04 24.9817L32.0717 29.7917Z\" fill=\"white\"><\/path><\/g><\/svg>\t\t\t<\/span>\n\t\t\t\t\t\t\t\t\t<span class=\"elementor-button-text\">(732) 866-6655<\/span>\n\t\t\t\t\t<\/span>\n\t\t\t\t\t<\/a>\n\t\t\t\t<\/div>\n\t\t\t\t\t\t\t\t<\/div>\n\t\t\t\t<\/div>\n\t\t\t\t<\/div>\n\t\t\t\t\t<\/div>\n\t\t\t\t<\/div>\n\t\t\t\t<\/div>","protected":false},"excerpt":{"rendered":"<p>Consumer Protection In the complex world of consumer protection, having a knowledgeable advocate on your side is essential. At the Law Office of Edward Hanratty, our dedicated consumer protection lawyer is here to champion your rights and interests. We are committed to ensuring that consumers are treated fairly and protected from deceptive or unfair business [&hellip;]<\/p>","protected":false},"author":1,"featured_media":0,"parent":0,"menu_order":0,"comment_status":"closed","ping_status":"closed","template":"","meta":{"footnotes":""},"class_list":["post-24","page","type-page","status-publish","hentry"],"yoast_head":"<!-- This site is optimized with the Yoast SEO plugin v25.1 - https:\/\/yoast.com\/wordpress\/plugins\/seo\/ -->\n<title>Consumer Protection \u2013 Law Office of Edward Hanratty<\/title>\n<meta name=\"robots\" content=\"index, follow, max-snippet:-1, max-image-preview:large, max-video-preview:-1\" \/>\n<link rel=\"canonical\" href=\"https:\/\/lawofficeofedwardhanratty.com\/es\/consumer-protection\/\" \/>\n<meta property=\"og:locale\" content=\"es_ES\" \/>\n<meta property=\"og:type\" content=\"article\" \/>\n<meta property=\"og:title\" content=\"Consumer Protection \u2013 Law Office of Edward Hanratty\" \/>\n<meta property=\"og:description\" content=\"Consumer Protection In the complex world of consumer protection, having a knowledgeable advocate on your side is essential. At the Law Office of Edward Hanratty, our dedicated consumer protection lawyer is here to champion your rights and interests. We are committed to ensuring that consumers are treated fairly and protected from deceptive or unfair business [&hellip;]\" \/>\n<meta property=\"og:url\" content=\"https:\/\/lawofficeofedwardhanratty.com\/es\/consumer-protection\/\" \/>\n<meta property=\"og:site_name\" content=\"Law Office of Edward Hanratty\" \/>\n<meta property=\"article:modified_time\" content=\"2025-05-21T14:10:37+00:00\" \/>\n<meta property=\"og:image\" content=\"http:\/\/lawofficeofedwardhanratty.com\/wp-content\/uploads\/2023\/11\/divider.png\" \/>\n<meta name=\"twitter:card\" content=\"summary_large_image\" \/>\n<meta name=\"twitter:label1\" content=\"Tiempo de lectura\" \/>\n\t<meta name=\"twitter:data1\" content=\"3 minutos\" \/>\n<script type=\"application\/ld+json\" class=\"yoast-schema-graph\">{\"@context\":\"https:\/\/schema.org\",\"@graph\":[{\"@type\":\"WebPage\",\"@id\":\"https:\/\/lawofficeofedwardhanratty.com\/es\/consumer-protection\/\",\"url\":\"https:\/\/lawofficeofedwardhanratty.com\/es\/consumer-protection\/\",\"name\":\"Consumer Protection \u2013 Law Office of Edward Hanratty\",\"isPartOf\":{\"@id\":\"https:\/\/lawofficeofedwardhanratty.com\/es\/#website\"},\"primaryImageOfPage\":{\"@id\":\"https:\/\/lawofficeofedwardhanratty.com\/es\/consumer-protection\/#primaryimage\"},\"image\":{\"@id\":\"https:\/\/lawofficeofedwardhanratty.com\/es\/consumer-protection\/#primaryimage\"},\"thumbnailUrl\":\"http:\/\/lawofficeofedwardhanratty.com\/wp-content\/uploads\/2023\/11\/divider.png\",\"datePublished\":\"2023-11-14T18:25:03+00:00\",\"dateModified\":\"2025-05-21T14:10:37+00:00\",\"breadcrumb\":{\"@id\":\"https:\/\/lawofficeofedwardhanratty.com\/es\/consumer-protection\/#breadcrumb\"},\"inLanguage\":\"es\",\"potentialAction\":[{\"@type\":\"ReadAction\",\"target\":[\"https:\/\/lawofficeofedwardhanratty.com\/es\/consumer-protection\/\"]}]},{\"@type\":\"ImageObject\",\"inLanguage\":\"es\",\"@id\":\"https:\/\/lawofficeofedwardhanratty.com\/es\/consumer-protection\/#primaryimage\",\"url\":\"http:\/\/lawofficeofedwardhanratty.com\/wp-content\/uploads\/2023\/11\/divider.png\",\"contentUrl\":\"http:\/\/lawofficeofedwardhanratty.com\/wp-content\/uploads\/2023\/11\/divider.png\"},{\"@type\":\"BreadcrumbList\",\"@id\":\"https:\/\/lawofficeofedwardhanratty.com\/es\/consumer-protection\/#breadcrumb\",\"itemListElement\":[{\"@type\":\"ListItem\",\"position\":1,\"name\":\"Home\",\"item\":\"https:\/\/lawofficeofedwardhanratty.com\/es\/\"},{\"@type\":\"ListItem\",\"position\":2,\"name\":\"Consumer Protection\"}]},{\"@type\":\"WebSite\",\"@id\":\"https:\/\/lawofficeofedwardhanratty.com\/es\/#website\",\"url\":\"https:\/\/lawofficeofedwardhanratty.com\/es\/\",\"name\":\"Law Office of Edward Hanratty\",\"description\":\"\",\"publisher\":{\"@id\":\"https:\/\/lawofficeofedwardhanratty.com\/es\/#organization\"},\"potentialAction\":[{\"@type\":\"SearchAction\",\"target\":{\"@type\":\"EntryPoint\",\"urlTemplate\":\"https:\/\/lawofficeofedwardhanratty.com\/es\/?s={search_term_string}\"},\"query-input\":{\"@type\":\"PropertyValueSpecification\",\"valueRequired\":true,\"valueName\":\"search_term_string\"}}],\"inLanguage\":\"es\"},{\"@type\":\"Organization\",\"@id\":\"https:\/\/lawofficeofedwardhanratty.com\/es\/#organization\",\"name\":\"Law Office of Edward Hanratty\",\"url\":\"https:\/\/lawofficeofedwardhanratty.com\/es\/\",\"logo\":{\"@type\":\"ImageObject\",\"inLanguage\":\"es\",\"@id\":\"https:\/\/lawofficeofedwardhanratty.com\/es\/#\/schema\/logo\/image\/\",\"url\":\"https:\/\/lawofficeofedwardhanratty.com\/wp-content\/uploads\/2023\/12\/Withe-Logo.png\",\"contentUrl\":\"https:\/\/lawofficeofedwardhanratty.com\/wp-content\/uploads\/2023\/12\/Withe-Logo.png\",\"width\":922,\"height\":283,\"caption\":\"Law Office of Edward Hanratty\"},\"image\":{\"@id\":\"https:\/\/lawofficeofedwardhanratty.com\/es\/#\/schema\/logo\/image\/\"}}]}<\/script>\n<!-- \/ Yoast SEO plugin. -->","yoast_head_json":{"title":"Consumer Protection \u2013 Law Office of Edward Hanratty","robots":{"index":"index","follow":"follow","max-snippet":"max-snippet:-1","max-image-preview":"max-image-preview:large","max-video-preview":"max-video-preview:-1"},"canonical":"https:\/\/lawofficeofedwardhanratty.com\/es\/consumer-protection\/","og_locale":"es_ES","og_type":"article","og_title":"Consumer Protection \u2013 Law Office of Edward Hanratty","og_description":"Consumer Protection In the complex world of consumer protection, having a knowledgeable advocate on your side is essential. At the Law Office of Edward Hanratty, our dedicated consumer protection lawyer is here to champion your rights and interests. We are committed to ensuring that consumers are treated fairly and protected from deceptive or unfair business [&hellip;]","og_url":"https:\/\/lawofficeofedwardhanratty.com\/es\/consumer-protection\/","og_site_name":"Law Office of Edward Hanratty","article_modified_time":"2025-05-21T14:10:37+00:00","og_image":[{"url":"http:\/\/lawofficeofedwardhanratty.com\/wp-content\/uploads\/2023\/11\/divider.png","type":"","width":"","height":""}],"twitter_card":"summary_large_image","twitter_misc":{"Tiempo de lectura":"3 minutos"},"schema":{"@context":"https:\/\/schema.org","@graph":[{"@type":"WebPage","@id":"https:\/\/lawofficeofedwardhanratty.com\/es\/consumer-protection\/","url":"https:\/\/lawofficeofedwardhanratty.com\/es\/consumer-protection\/","name":"Consumer Protection \u2013 Law Office of Edward Hanratty","isPartOf":{"@id":"https:\/\/lawofficeofedwardhanratty.com\/es\/#website"},"primaryImageOfPage":{"@id":"https:\/\/lawofficeofedwardhanratty.com\/es\/consumer-protection\/#primaryimage"},"image":{"@id":"https:\/\/lawofficeofedwardhanratty.com\/es\/consumer-protection\/#primaryimage"},"thumbnailUrl":"http:\/\/lawofficeofedwardhanratty.com\/wp-content\/uploads\/2023\/11\/divider.png","datePublished":"2023-11-14T18:25:03+00:00","dateModified":"2025-05-21T14:10:37+00:00","breadcrumb":{"@id":"https:\/\/lawofficeofedwardhanratty.com\/es\/consumer-protection\/#breadcrumb"},"inLanguage":"es","potentialAction":[{"@type":"ReadAction","target":["https:\/\/lawofficeofedwardhanratty.com\/es\/consumer-protection\/"]}]},{"@type":"ImageObject","inLanguage":"es","@id":"https:\/\/lawofficeofedwardhanratty.com\/es\/consumer-protection\/#primaryimage","url":"http:\/\/lawofficeofedwardhanratty.com\/wp-content\/uploads\/2023\/11\/divider.png","contentUrl":"http:\/\/lawofficeofedwardhanratty.com\/wp-content\/uploads\/2023\/11\/divider.png"},{"@type":"BreadcrumbList","@id":"https:\/\/lawofficeofedwardhanratty.com\/es\/consumer-protection\/#breadcrumb","itemListElement":[{"@type":"ListItem","position":1,"name":"Home","item":"https:\/\/lawofficeofedwardhanratty.com\/es\/"},{"@type":"ListItem","position":2,"name":"Consumer Protection"}]},{"@type":"WebSite","@id":"https:\/\/lawofficeofedwardhanratty.com\/es\/#website","url":"https:\/\/lawofficeofedwardhanratty.com\/es\/","name":"Law Office of Edward Hanratty","description":"","publisher":{"@id":"https:\/\/lawofficeofedwardhanratty.com\/es\/#organization"},"potentialAction":[{"@type":"SearchAction","target":{"@type":"EntryPoint","urlTemplate":"https:\/\/lawofficeofedwardhanratty.com\/es\/?s={search_term_string}"},"query-input":{"@type":"PropertyValueSpecification","valueRequired":true,"valueName":"search_term_string"}}],"inLanguage":"es"},{"@type":"Organization","@id":"https:\/\/lawofficeofedwardhanratty.com\/es\/#organization","name":"Law Office of Edward Hanratty","url":"https:\/\/lawofficeofedwardhanratty.com\/es\/","logo":{"@type":"ImageObject","inLanguage":"es","@id":"https:\/\/lawofficeofedwardhanratty.com\/es\/#\/schema\/logo\/image\/","url":"https:\/\/lawofficeofedwardhanratty.com\/wp-content\/uploads\/2023\/12\/Withe-Logo.png","contentUrl":"https:\/\/lawofficeofedwardhanratty.com\/wp-content\/uploads\/2023\/12\/Withe-Logo.png","width":922,"height":283,"caption":"Law Office of Edward Hanratty"},"image":{"@id":"https:\/\/lawofficeofedwardhanratty.com\/es\/#\/schema\/logo\/image\/"}}]}},"_links":{"self":[{"href":"https:\/\/lawofficeofedwardhanratty.com\/es\/wp-json\/wp\/v2\/pages\/24","targetHints":{"allow":["GET"]}}],"collection":[{"href":"https:\/\/lawofficeofedwardhanratty.com\/es\/wp-json\/wp\/v2\/pages"}],"about":[{"href":"https:\/\/lawofficeofedwardhanratty.com\/es\/wp-json\/wp\/v2\/types\/page"}],"author":[{"embeddable":true,"href":"https:\/\/lawofficeofedwardhanratty.com\/es\/wp-json\/wp\/v2\/users\/1"}],"replies":[{"embeddable":true,"href":"https:\/\/lawofficeofedwardhanratty.com\/es\/wp-json\/wp\/v2\/comments?post=24"}],"version-history":[{"count":1,"href":"https:\/\/lawofficeofedwardhanratty.com\/es\/wp-json\/wp\/v2\/pages\/24\/revisions"}],"predecessor-version":[{"id":1033,"href":"https:\/\/lawofficeofedwardhanratty.com\/es\/wp-json\/wp\/v2\/pages\/24\/revisions\/1033"}],"wp:attachment":[{"href":"https:\/\/lawofficeofedwardhanratty.com\/es\/wp-json\/wp\/v2\/media?parent=24"}],"curies":[{"name":"wp","href":"https:\/\/api.w.org\/{rel}","templated":true}]}}